{"id":25,"date":"2016-02-12T08:13:22","date_gmt":"2016-02-12T08:13:22","guid":{"rendered":"http:\/\/demos.famethemes.com\/onepress\/?page_id=25"},"modified":"2018-10-25T15:58:24","modified_gmt":"2018-10-25T13:58:24","slug":"conduite-sous-lemprise-dun-etat-alcoolique","status":"publish","type":"page","link":"https:\/\/cboutaud-avocat.com\/index.php\/conduite-sous-lemprise-dun-etat-alcoolique\/","title":{"rendered":"Conduite sous l&#8217;empire d&#8217;un \u00e9tat alcoolique"},"content":{"rendered":"<p>Assistance des pr\u00e9venus poursuivis pour conduite en \u00e9tat alcoolique (\u00e0 partir de 0,40 mg par litre d&#8217;air expir\u00e9) devant le tribunal correctionnel<\/p>\n","protected":false},"excerpt":{"rendered":"<p>Morbi in sem quis dui placerat ornare. Pellentesque odio nisi euismod in pharetra a ultricies.<\/p>\n","protected":false},"author":2,"featured_media":0,"parent":0,"menu_order":0,"comment_status":"closed","ping_status":"closed","template":"","meta":{"footnotes":""},"_links":{"self":[{"href":"https:\/\/cboutaud-avocat.com\/index.php\/wp-json\/wp\/v2\/pages\/25"}],"collection":[{"href":"https:\/\/cboutaud-avocat.com\/index.php\/wp-json\/wp\/v2\/pages"}],"about":[{"href":"https:\/\/cboutaud-avocat.com\/index.php\/wp-json\/wp\/v2\/types\/page"}],"author":[{"embeddable":true,"href":"https:\/\/cboutaud-avocat.com\/index.php\/wp-json\/wp\/v2\/users\/2"}],"replies":[{"embeddable":true,"href":"https:\/\/cboutaud-avocat.com\/index.php\/wp-json\/wp\/v2\/comments?post=25"}],"version-history":[{"count":4,"href":"https:\/\/cboutaud-avocat.com\/index.php\/wp-json\/wp\/v2\/pages\/25\/revisions"}],"predecessor-version":[{"id":1470,"href":"https:\/\/cboutaud-avocat.com\/index.php\/wp-json\/wp\/v2\/pages\/25\/revisions\/1470"}],"wp:attachment":[{"href":"https:\/\/cboutaud-avocat.com\/index.php\/wp-json\/wp\/v2\/media?parent=25"}],"curies":[{"name":"wp","href":"https:\/\/api.w.org\/{rel}","templated":true}]}}