{"id":17,"date":"2016-02-12T08:09:36","date_gmt":"2016-02-12T08:09:36","guid":{"rendered":"http:\/\/demos.famethemes.com\/onepress\/?page_id=17"},"modified":"2025-10-22T18:41:42","modified_gmt":"2025-10-22T16:41:42","slug":"a-propos","status":"publish","type":"page","link":"https:\/\/cboutaud-avocat.com\/index.php\/a-propos\/","title":{"rendered":"A propos"},"content":{"rendered":"<p><img loading=\"lazy\" decoding=\"async\" class=\"wp-image-1550 alignright\" src=\"https:\/\/cboutaud-avocat.com\/wp-content\/uploads\/2025\/10\/shoootin-photo-5-3-1024x683.jpg\" alt=\"\" width=\"413\" height=\"275\" srcset=\"https:\/\/cboutaud-avocat.com\/wp-content\/uploads\/2025\/10\/shoootin-photo-5-3-1024x683.jpg 1024w, https:\/\/cboutaud-avocat.com\/wp-content\/uploads\/2025\/10\/shoootin-photo-5-3-300x200.jpg 300w, https:\/\/cboutaud-avocat.com\/wp-content\/uploads\/2025\/10\/shoootin-photo-5-3-768x512.jpg 768w, https:\/\/cboutaud-avocat.com\/wp-content\/uploads\/2025\/10\/shoootin-photo-5-3-1536x1024.jpg 1536w, https:\/\/cboutaud-avocat.com\/wp-content\/uploads\/2025\/10\/shoootin-photo-5-3-2048x1365.jpg 2048w\" sizes=\"(max-width: 413px) 100vw, 413px\" \/>Claire BOUTAUD de la COMBE a pr\u00eat\u00e9 serment en 2006. Elle a acquis une solide formation en droit p\u00e9nal et proc\u00e9dure p\u00e9nale en exer\u00e7ant au sein du Cabinet Metzner Associ\u00e9s, avant de rejoindre un cabinet pr\u00e9curseur en droit routier o\u00f9 elle s\u2019est consacr\u00e9e \u00e0 la d\u00e9fense des automobilistes.<\/p>\n<p>Claire BOUTAUD de la COMBE a cr\u00e9\u00e9e son propre cabinet en 2011.<\/p>\n<p>Elle d\u00e9fend, conseille, assiste ou repr\u00e9sente les particuliers et les entreprises devant les juridictions administratives, civiles et r\u00e9pressives. Elle accompagne les particuliers, victimes ou auteurs d&#8217;infractions, tout au long du litige p\u00e9nal qui les implique.<\/p>\n<p>Claire BOUTAUD de la COMBE intervient aussi r\u00e9guli\u00e8rement dans les m\u00e9dias, notamment, <a href=\"https:\/\/www.francebleu.fr\/emissions\/les-experts\/maitre-claire-boutaud-de-la-combe-avocate-specialiste-du-droit-de-la-route-9\" target=\"_blank\" rel=\"noopener\">dans l\u2019\u00e9mission les experts sur France Bleu 107.1<\/a> o\u00f9 elle r\u00e9pond en direct aux questions des auditeurs.<\/p>\n<p>Organisme de formation agr\u00e9\u00e9e par la Pr\u00e9fecture d\u2019Ile de France depuis le mois d\u2019ao\u00fbt 2018 , Ma\u00eetre Claire BOUTAUD de la COMBE dispense r\u00e9guli\u00e8rement des formations aux salari\u00e9s et cadres de diverses entreprises, au sens de l\u2019article L. 6351-1 du code du travail, dans le cadre de la formation professionnelle continue.<\/p>\n<p><a href=\"https:\/\/www.linkedin.com\/in\/claire-boutaud-de-la-combe-1957a427\/?originalSubdomain=fr\" target=\"_blank\" rel=\"noopener\">Consulter le profil Linkedin de Claire BOUTAUD de la COMBE<\/a><\/p>\n","protected":false},"excerpt":{"rendered":"<p>Nullam ut tempor eros. Donec faucibus, velit et imperdiet aliquam, lacus velit luctus urna, vitae porttitor orci libero id felis.<\/p>\n","protected":false},"author":2,"featured_media":0,"parent":0,"menu_order":0,"comment_status":"closed","ping_status":"closed","template":"template-fullwidth.php","meta":{"footnotes":""},"_links":{"self":[{"href":"https:\/\/cboutaud-avocat.com\/index.php\/wp-json\/wp\/v2\/pages\/17"}],"collection":[{"href":"https:\/\/cboutaud-avocat.com\/index.php\/wp-json\/wp\/v2\/pages"}],"about":[{"href":"https:\/\/cboutaud-avocat.com\/index.php\/wp-json\/wp\/v2\/types\/page"}],"author":[{"embeddable":true,"href":"https:\/\/cboutaud-avocat.com\/index.php\/wp-json\/wp\/v2\/users\/2"}],"replies":[{"embeddable":true,"href":"https:\/\/cboutaud-avocat.com\/index.php\/wp-json\/wp\/v2\/comments?post=17"}],"version-history":[{"count":9,"href":"https:\/\/cboutaud-avocat.com\/index.php\/wp-json\/wp\/v2\/pages\/17\/revisions"}],"predecessor-version":[{"id":1552,"href":"https:\/\/cboutaud-avocat.com\/index.php\/wp-json\/wp\/v2\/pages\/17\/revisions\/1552"}],"wp:attachment":[{"href":"https:\/\/cboutaud-avocat.com\/index.php\/wp-json\/wp\/v2\/media?parent=17"}],"curies":[{"name":"wp","href":"https:\/\/api.w.org\/{rel}","templated":true}]}}