{"id":1473,"date":"2018-10-29T09:35:30","date_gmt":"2018-10-29T08:35:30","guid":{"rendered":"http:\/\/cboutaud-avocat.com\/?page_id=1473"},"modified":"2018-10-29T09:36:05","modified_gmt":"2018-10-29T08:36:05","slug":"presse","status":"publish","type":"page","link":"https:\/\/cboutaud-avocat.com\/index.php\/presse\/","title":{"rendered":"Presse"},"content":{"rendered":"<p>Claire Boutaud de la Combe apparait dans les m\u00e9dias traitant de l&#8217;actualit\u00e9 en droit p\u00e9nal g\u00e9n\u00e9ral et en droit routier. Elle participe r\u00e9guli\u00e8rement \u00e0 des \u00e9missions traitant des questions li\u00e9es au code de la route, notamment sur France Bleu 107.1. Vous pouvez retrouver ses interventions dans les liens ci-dessous.<\/p>\n<div class='white' style='background:#fafafa; border:solid 1px #f0f0f0; border-radius:5px; padding:8px 8px 8px 8px;'>\n<div id='sample_slider' class='owl-carousel sa_owl_theme owl-pagination-true autohide-arrows' data-slider-id='sample_slider' style='visibility:hidden;'>\n<div id='sample_slider_slide07' class='sa_hover_container' style='padding:5% 5%; margin:0px 0%; background-color:rgb(243, 243, 243); '><div style=\"text-align: center;padding-bottom: 10px\">\r\n<div><img loading=\"lazy\" decoding=\"async\" class=\"aligncenter wp-image-1495 size-medium\" src=\"http:\/\/cboutaud-avocat.com\/wp-content\/uploads\/2018\/10\/hqdefault-e1569322192328-300x140.jpg\" alt=\"\" width=\"300\" height=\"140\" srcset=\"https:\/\/cboutaud-avocat.com\/wp-content\/uploads\/2018\/10\/hqdefault-e1569322192328-300x140.jpg 300w, https:\/\/cboutaud-avocat.com\/wp-content\/uploads\/2018\/10\/hqdefault-e1569322192328.jpg 475w\" sizes=\"(max-width: 300px) 100vw, 300px\" \/><\/div>\r\n<div>\u00a0<\/div>\r\n<h4>INTERVIEW JOURNAL DE 13 Heures FRANCE TELEVISON<\/h4>\r\n<p>Claire BOUTAUD de la COMBE est intervenue, en sa qualit\u00e9 d'expert en droit routier, <a href=\"https:\/\/www.francetvinfo.fr\/societe\/securite-routiere\/delinquance-routiere-que-dit-la-loi-en-cas-de-recidive_3623447.html\" target=\"_blank\" rel=\"noopener\">sur le d\u00e9bat relatif \u00e0 la vitesse, pendant le proc\u00e8s du chauffard de Laon qui a tu\u00e9 deux petites filles et bless\u00e9 un nourrisson.\u00a0<\/a><\/p>\r\n<\/div><\/div>\n<div id='sample_slider_slide09' class='sa_hover_container' style='padding:5% 5%; margin:0px 0%; background-color:rgb(243, 243, 243); '><div style=\"text-align: center;padding-bottom: 10px\">\r\n<div>\u00a0<\/div>\r\n<div><img loading=\"lazy\" decoding=\"async\" class=\"aligncenter size-full wp-image-1533\" src=\"https:\/\/cboutaud-avocat.com\/wp-content\/uploads\/2018\/10\/te\u0301le\u0301chargement.png\" alt=\"\" width=\"225\" height=\"224\" srcset=\"https:\/\/cboutaud-avocat.com\/wp-content\/uploads\/2018\/10\/te\u0301le\u0301chargement.png 225w, https:\/\/cboutaud-avocat.com\/wp-content\/uploads\/2018\/10\/te\u0301le\u0301chargement-150x150.png 150w\" sizes=\"(max-width: 225px) 100vw, 225px\" \/><\/div>\r\n<h4 class=\"single-post-title2\">Amendes impay\u00e9es : quels recours face \u00e0 un avis de saisie administrative \u00e0 tiers d\u00e9tenteur ?<\/h4>\r\n<a href=\"https:\/\/www.auto-moto.com\/en-bref\/amendes-impayees-quels-recours-face-a-un-avis-de-saisie-administrative-a-tiers-detenteur-16282\">Amendes impay\u00e9es : que faire \u00e0 la r\u00e9ception d'un ATD (avis \u00e0 tiers d\u00e9tenteur)? R\u00e9sum\u00e9: comment cette proc\u00e9dure utilis\u00e9e par le Tr\u00e9sor Public se met elle en \u0153uvre ? Y a t il des recours?<\/a><\/div><\/div>\n<div id='sample_slider_slide10' class='sa_hover_container' style='padding:5% 5%; margin:0px 0%; background-color:rgb(243, 243, 243); '><div style=\"text-align: center;padding-bottom: 10px\">\r\n<div><img loading=\"lazy\" decoding=\"async\" class=\"aligncenter size-full wp-image-1488\" src=\"http:\/\/cboutaud-avocat.com\/wp-content\/uploads\/2018\/10\/ParisienOk.png\" alt=\"\" width=\"192\" height=\"60\" \/><\/div>\r\n<div>\u00a0<\/div>\r\n<h4>Pourquoi les voies sur berge ne rouvrent-elles pas \u00e0 la circulation ?\u00a0<\/h4>\r\n<p><a href=\"http:\/\/www.leparisien.fr\/paris-75\/paris-pourquoi-les-voies-sur-berge-ne-rouvrent-elles-pas-28-02-2018-7584144.php\">L'ill\u00e9galit\u00e9 de la d\u00e9cision de la mairie de PARIS fixant la fermeture des voies sur berge.<\/a><\/p>\r\n<\/div><\/div>\n<div id='sample_slider_slide03' class='sa_hover_container' style='padding:5% 5%; margin:0px 0%; '><div>\u00a0<\/div>\r\n<div><img loading=\"lazy\" decoding=\"async\" class=\"aligncenter size-full wp-image-1533\" src=\"http:\/\/cboutaud-avocat.com\/wp-content\/uploads\/2018\/10\/te\u0301le\u0301chargement.png\" alt=\"\" width=\"225\" height=\"224\" srcset=\"https:\/\/cboutaud-avocat.com\/wp-content\/uploads\/2018\/10\/te\u0301le\u0301chargement.png 225w, https:\/\/cboutaud-avocat.com\/wp-content\/uploads\/2018\/10\/te\u0301le\u0301chargement-150x150.png 150w\" sizes=\"(max-width: 225px) 100vw, 225px\" \/><\/div>\r\n<h4 class=\"single-post-title2\">PV \u00e0 la vol\u00e9e et vid\u00e9o verbalisation\u00a0: comment se d\u00e9fendre\u00a0?<\/h4>\r\n<p><a href=\"https:\/\/www.auto-moto.com\/en-bref\/pv-a-la-volee-et-video-verbalisation-comment-se-defendre-15103\">PV \u00e0 la vol\u00e9e : comment se d\u00e9fendre? R\u00e9sum\u00e9 : \u00eatre verbalis\u00e9 sans \u00eatre arr\u00eat\u00e9 par les forces de l'ordre est ce possible, que faire?<\/a><\/p>\r\n<p>&nbsp;<\/p>\r\n<p>&nbsp;<\/p><\/div>\n<div id='sample_slider_slide14' class='sa_hover_container' style='padding:5% 5%; margin:0px 0%; '><p><img loading=\"lazy\" decoding=\"async\" class=\"aligncenter  wp-image-1538\" src=\"https:\/\/cboutaud-avocat.com\/wp-content\/uploads\/2025\/10\/IMG_8995-747x1024.png\" alt=\"\" width=\"249\" height=\"341\" srcset=\"https:\/\/cboutaud-avocat.com\/wp-content\/uploads\/2025\/10\/IMG_8995-747x1024.png 747w, https:\/\/cboutaud-avocat.com\/wp-content\/uploads\/2025\/10\/IMG_8995-219x300.png 219w, https:\/\/cboutaud-avocat.com\/wp-content\/uploads\/2025\/10\/IMG_8995-768x1053.png 768w, https:\/\/cboutaud-avocat.com\/wp-content\/uploads\/2025\/10\/IMG_8995-1120x1536.png 1120w, https:\/\/cboutaud-avocat.com\/wp-content\/uploads\/2025\/10\/IMG_8995.png 1179w\" sizes=\"(max-width: 249px) 100vw, 249px\" \/><\/p>\r\n<h4 style=\"text-align: center\">Titre tentative d'homicide jug\u00e9 \u00e0 la cour d'assises du Loir et Cher<\/h4>\r\n<p><a href=\"https:\/\/cboutaud-avocat.com\/index.php\/2025\/10\/22\/titre-tentative-dhomicide-juge-a-la-cour-dassises-du-loir-et-cher\/\">Me Claire Boutaud de la Combe est intervenue pour assister la partie civile victime d'une tentative de meurtre, r\u00e9cit d'une audience atypique<\/a><\/p><\/div>\n<div id='sample_slider_slide11' class='sa_hover_container' style='padding:5% 5%; margin:0px 0%; background-color:rgb(243, 243, 243); '><div style=\"text-align: center;padding-bottom: 10px\">\r\n<div><img loading=\"lazy\" decoding=\"async\" class=\"aligncenter size-medium wp-image-1489\" src=\"http:\/\/cboutaud-avocat.com\/wp-content\/uploads\/2018\/10\/CaradisciacOK-300x94.png\" alt=\"\" width=\"300\" height=\"94\" srcset=\"https:\/\/cboutaud-avocat.com\/wp-content\/uploads\/2018\/10\/CaradisciacOK-300x94.png 300w, https:\/\/cboutaud-avocat.com\/wp-content\/uploads\/2018\/10\/CaradisciacOK.png 639w\" sizes=\"(max-width: 300px) 100vw, 300px\" \/><\/div>\r\n<div>\u00a0<\/div>\r\n<h4>Ordonnance p\u00e9nale : s'y opposer peut valoir le coup<\/h4>\r\n<p><a href=\"https:\/\/www.caradisiac.com\/Video-Ordonnance-penale-S-y-opposer-peut-valoir-le-coup-78100.htm\">En vid\u00e9o : Contester certains PV peut valoir le coup.\u00a0<\/a><\/p>\r\n<\/div><\/div>\n<div id='sample_slider_slide12' class='sa_hover_container' style='padding:5% 5%; margin:0px 0%; background-color:rgb(243, 243, 243); '><div style=\"text-align: center;padding-bottom: 10px\">\r\n<div><img loading=\"lazy\" decoding=\"async\" class=\"aligncenter size-full wp-image-1488\" src=\"http:\/\/cboutaud-avocat.com\/wp-content\/uploads\/2018\/10\/ParisienOk.png\" alt=\"\" width=\"192\" height=\"60\" \/><\/div>\r\n<div>\u00a0<\/div>\r\n<h4>PSG : Serge Aurier s'estime victime d'une injustice, selon son avocate\u00a0<\/h4>\r\n<p><a href=\"http:\/\/www.leparisien.fr\/psg-foot-paris-saint-germain\/psg-serge-aurier-s-estime-victime-d-une-injustice-selon-son-avocate-31-05-2016-5845529.php\">L'affaire AURIER en fin de garde \u00e0 vue.<\/a><\/p>\r\n<\/div><\/div>\n<div id='sample_slider_slide01' class='sa_hover_container' style='padding:5% 5%; margin:0px 0%; '><div>\u00a0<\/div>\r\n<div><img loading=\"lazy\" decoding=\"async\" class=\"aligncenter size-full wp-image-1533\" src=\"http:\/\/cboutaud-avocat.com\/wp-content\/uploads\/2018\/10\/te\u0301le\u0301chargement.png\" alt=\"\" width=\"225\" height=\"224\" srcset=\"https:\/\/cboutaud-avocat.com\/wp-content\/uploads\/2018\/10\/te\u0301le\u0301chargement.png 225w, https:\/\/cboutaud-avocat.com\/wp-content\/uploads\/2018\/10\/te\u0301le\u0301chargement-150x150.png 150w\" sizes=\"(max-width: 225px) 100vw, 225px\" \/><\/div>\r\n<h4>Le syst\u00e8me des retraits de points et leur r\u00e9cup\u00e9ration : comment \u00e7a marche ?<\/h4>\r\n<p>Le retrait puis la r\u00e9cup\u00e9ration des points du permis de conduire, comment \u00e7a marche ? <a href=\"https:\/\/www.auto-moto.com\/actualite\/societe\/retrait-puis-recuperation-points-permis-de-conduire-ca-marche-avocate-repond-377427.html\">Claire Boutaud de la Combe vous r\u00e9pond.<\/a><\/p><\/div>\n<div id='sample_slider_slide02' class='sa_hover_container' style='padding:5% 5%; margin:0px 0%; '><div>\u00a0<\/div>\r\n<div><img loading=\"lazy\" decoding=\"async\" class=\"aligncenter size-full wp-image-1533\" src=\"http:\/\/cboutaud-avocat.com\/wp-content\/uploads\/2018\/10\/te\u0301le\u0301chargement.png\" alt=\"\" width=\"225\" height=\"224\" srcset=\"https:\/\/cboutaud-avocat.com\/wp-content\/uploads\/2018\/10\/te\u0301le\u0301chargement.png 225w, https:\/\/cboutaud-avocat.com\/wp-content\/uploads\/2018\/10\/te\u0301le\u0301chargement-150x150.png 150w\" sizes=\"(max-width: 225px) 100vw, 225px\" \/><\/div>\r\n<h4>Infractions du contr\u00f4le automatis\u00e9 \u00e0 Rennes, contester sur l'ANTAI.gouv.fr : on fait le point.<\/h4>\r\n<p>Tous les mois, Claire Boutaud de la Combe sp\u00e9cialis\u00e9e dans les questions du Code de la route se penche sur une th\u00e9matique. <a href=\"https:\/\/www.auto-moto.com\/actualite\/societe\/les-infractions-du-controle-automatise-notre-avocate-nous-repond-384389.html\">Focus ce mois-ci sur les infractions li\u00e9es au contr\u00f4le automatis\u00e9 : contestation, ANTAI, d\u00e9signer un autre conducteur, etc.<\/a><\/p><\/div>\n<div id='sample_slider_slide04' class='sa_hover_container' style='padding:5% 5%; margin:0px 0%; '><div>\u00a0<\/div>\r\n<div><img loading=\"lazy\" decoding=\"async\" class=\"aligncenter size-full wp-image-1533\" src=\"http:\/\/cboutaud-avocat.com\/wp-content\/uploads\/2018\/10\/te\u0301le\u0301chargement.png\" alt=\"\" width=\"225\" height=\"224\" srcset=\"https:\/\/cboutaud-avocat.com\/wp-content\/uploads\/2018\/10\/te\u0301le\u0301chargement.png 225w, https:\/\/cboutaud-avocat.com\/wp-content\/uploads\/2018\/10\/te\u0301le\u0301chargement-150x150.png 150w\" sizes=\"(max-width: 225px) 100vw, 225px\" \/><\/div>\r\n<h4 class=\"single-post-title2\">PV de stationnement : l\u00e9gislation, contestation, exon\u00e9ration\u2026 notre avocate vous guide<\/h4>\r\n<p><a href=\"https:\/\/www.auto-moto.com\/en-bref\/pv-de-stationnement-legislation-contestation-exoneration-notre-avocate-vous-guide-15535\">Le point sur le stationnement: comment contester? R\u00e9sum\u00e9 : la d\u00e9p\u00e9nalisation du stationnement : ce qui a chang\u00e9 depuis 2018\u00a0<\/a><\/p>\r\n<p>&nbsp;<\/p>\r\n<p>&nbsp;<\/p>\r\n<p>&nbsp;<\/p><\/div>\n<div id='sample_slider_slide06' class='sa_hover_container' style='padding:5% 5%; margin:0px 0%; '><div>\u00a0<\/div>\r\n<div><img loading=\"lazy\" decoding=\"async\" class=\"aligncenter size-full wp-image-1533\" src=\"http:\/\/cboutaud-avocat.com\/wp-content\/uploads\/2018\/10\/te\u0301le\u0301chargement.png\" alt=\"\" width=\"225\" height=\"224\" srcset=\"https:\/\/cboutaud-avocat.com\/wp-content\/uploads\/2018\/10\/te\u0301le\u0301chargement.png 225w, https:\/\/cboutaud-avocat.com\/wp-content\/uploads\/2018\/10\/te\u0301le\u0301chargement-150x150.png 150w\" sizes=\"(max-width: 225px) 100vw, 225px\" \/><\/div>\r\n<h4>LES LEGENDES DU PERMIS A POINTS : INFO OU INTOX ?<\/h4>\r\n<p>Payer le mauvais montant du PV, immatriculer un v\u00e9hicule au nom d\u2019un mineur, refuser de payer une amende\u2026 de nombreuses infos et infox circulent sur ce sujet. <a href=\"https:\/\/www.auto-moto.com\/actualite\/societe\/vrai-faux-5-legendes-permis-de-conduire-verifies-infirmees-368493.html\">Maitre Claire Boutaud de la Combe, avocate au barreau y r\u00e9pond point par point.<\/a><\/p><\/div>\n<div id='sample_slider_slide08' class='sa_hover_container' style='padding:5% 5%; margin:0px 0%; background-color:rgb(243, 243, 243); '><div style=\"text-align: center;padding-bottom: 10px\">\r\n<div><img loading=\"lazy\" decoding=\"async\" class=\"aligncenter size-full wp-image-1488\" src=\"http:\/\/cboutaud-avocat.com\/wp-content\/uploads\/2018\/10\/ParisienOk.png\" alt=\"\" width=\"192\" height=\"60\" \/><\/div>\r\n<div>\u00a0<\/div>\r\n<h4>Flash\u00e9 \u00e0 234 km\/h et ivre, il \u00e9chappe \u00e0 toute poursuite\u00a0<\/h4>\r\n<p><a href=\"http:\/\/www.leparisien.fr\/faits-divers\/flashe-a-234-km-h-et-ivre-il-echappe-a-toutes-poursuites-11-10-2012-2223967.php\">Le respect des r\u00e8gles de proc\u00e9dure p\u00e9nale en mati\u00e8re de vitesse ou d'alcool au volant est fondamentale.<\/a><\/p>\r\n<\/div><\/div>\n<div id='sample_slider_slide13' class='sa_hover_container' style='padding:5% 5%; margin:0px 0%; background-color:rgb(243, 243, 243); '><div style=\"text-align: center;padding-bottom: 10px\">\r\n<div><img loading=\"lazy\" decoding=\"async\" class=\"aligncenter size-medium wp-image-1490\" src=\"http:\/\/cboutaud-avocat.com\/wp-content\/uploads\/2018\/10\/LequipeOK-300x94.png\" alt=\"\" width=\"300\" height=\"94\" srcset=\"https:\/\/cboutaud-avocat.com\/wp-content\/uploads\/2018\/10\/LequipeOK-300x94.png 300w, https:\/\/cboutaud-avocat.com\/wp-content\/uploads\/2018\/10\/LequipeOK.png 639w\" sizes=\"(max-width: 300px) 100vw, 300px\" \/><\/div>\r\n<div>\u00a0<\/div>\r\n<h4>L'affaire aurier apr\u00e8s d\u00e9cision<\/h4>\r\n<p><a href=\"https:\/\/video.lequipe.fr\/video\/football\/foot-justice-boutaud-de-lacombe-on-va-faire-appel\/x4urqt2\">Vid\u00e9o : L'avocate de Serge AURIER a r\u00e9agi sur la condamnation \u00e0 deux mois de prison ferme inflig\u00e9e par la justice au d\u00e9fenseur du Paris Saint-Germain.<\/a><\/p>\r\n<\/div><\/div>\n<div id='sample_slider_slide05' class='sa_hover_container' style='padding:5% 5%; margin:0px 0%; '><div>\u00a0<\/div>\r\n<div><img loading=\"lazy\" decoding=\"async\" class=\"aligncenter size-full wp-image-1533\" src=\"http:\/\/cboutaud-avocat.com\/wp-content\/uploads\/2018\/10\/te\u0301le\u0301chargement.png\" alt=\"\" width=\"225\" height=\"224\" srcset=\"https:\/\/cboutaud-avocat.com\/wp-content\/uploads\/2018\/10\/te\u0301le\u0301chargement.png 225w, https:\/\/cboutaud-avocat.com\/wp-content\/uploads\/2018\/10\/te\u0301le\u0301chargement-150x150.png 150w\" sizes=\"(max-width: 225px) 100vw, 225px\" \/><\/div>\r\n<h4 class=\"single-post-title2\">6 questions sur la r\u00e9cup\u00e9ration du permis de conduire apr\u00e8s une suspension ou annulation<\/h4>\r\n<p><a href=\"https:\/\/www.auto-moto.com\/en-bref\/suspension-ou-annulation-de-son-permis-de-conduire-comment-le-recuperer-15884\">Comment r\u00e9cup\u00e9rer le permis apr\u00e8s une suspension ou une annulation? R\u00e9sum\u00e9 quelles sont les d\u00e9marches \u00e0 entreprendre apr\u00e8s une telle mesure?<\/a><\/p>\r\n<p>&nbsp;<\/p><\/div>\n<\/div>\n<\/div>\n<script type='text\/javascript'>\n\tjQuery(document).ready(function() {\n\t\tjQuery('#sample_slider').owlCarousel({\n\t\t\tresponsive:{\n\t\t\t\t0:{ items:1 },\n\t\t\t\t480:{ items:2 },\n\t\t\t\t768:{ items:3 },\n\t\t\t\t980:{ items:4 },\n\t\t\t\t1200:{ items:4 },\n\t\t\t\t1500:{ items:4 }\n\t\t\t},\n\t\t\tautoplay : true,\n\t\t\tautoplayTimeout : 4000,\n\t\t\tautoplayHoverPause : true,\n\t\t\tsmartSpeed : 300,\n\t\t\tfluidSpeed : 300,\n\t\t\tautoplaySpeed : 300,\n\t\t\tnavSpeed : 300,\n\t\t\tdotsSpeed : 300,\n\t\t\tloop : true,\n\t\t\tnav : true,\n\t\t\tnavText : ['Previous','Next'],\n\t\t\tdots : true,\n\t\t\tresponsiveRefreshRate : 200,\n\t\t\tslideBy : 1,\n\t\t\tmergeFit : true,\n\t\t\tautoHeight : false,\n\t\t\tmouseDrag : true,\n\t\t\ttouchDrag : true\n\t\t});\n\t\tjQuery('#sample_slider').css('visibility', 'visible');\n\t\tsa_resize_sample_slider();\n\t\twindow.addEventListener('resize', sa_resize_sample_slider);\n\t\tfunction sa_resize_sample_slider() {\n\t\t\tvar min_height = '50';\n\t\t\tvar win_width = jQuery(window).width();\n\t\t\tvar slider_width = jQuery('#sample_slider').width();\n\t\t\tif (win_width < 480) {\n\t\t\t\tvar slide_width = slider_width \/ 1;\n\t\t\t} else if (win_width < 768) {\n\t\t\t\tvar slide_width = slider_width \/ 2;\n\t\t\t} else if (win_width < 980) {\n\t\t\t\tvar slide_width = slider_width \/ 3;\n\t\t\t} else if (win_width < 1200) {\n\t\t\t\tvar slide_width = slider_width \/ 4;\n\t\t\t} else if (win_width < 1500) {\n\t\t\t\tvar slide_width = slider_width \/ 4;\n\t\t\t} else {\n\t\t\t\tvar slide_width = slider_width \/ 4;\n\t\t\t}\n\t\t\tslide_width = Math.round(slide_width);\n\t\t\tvar slide_height = '0';\n\t\t\tif (min_height == 'aspect43') {\n\t\t\t\tslide_height = (slide_width \/ 4) * 3;\t\t\t\tslide_height = Math.round(slide_height);\n\t\t\t} else if (min_height == 'aspect169') {\n\t\t\t\tslide_height = (slide_width \/ 16) * 9;\t\t\t\tslide_height = Math.round(slide_height);\n\t\t\t} else {\n\t\t\t\tslide_height = (slide_width \/ 100) * min_height;\t\t\t\tslide_height = Math.round(slide_height);\n\t\t\t}\n\t\t\tjQuery('#sample_slider .owl-item .sa_hover_container').css('min-height', slide_height+'px');\n\t\t}\n\t\tvar owl_goto = jQuery('#sample_slider');\n\t\tjQuery('.sample_slider_goto1').click(function(event){\n\t\t\towl_goto.trigger('to.owl.carousel', 0);\n\t\t});\n\t\tjQuery('.sample_slider_goto2').click(function(event){\n\t\t\towl_goto.trigger('to.owl.carousel', 1);\n\t\t});\n\t\tjQuery('.sample_slider_goto3').click(function(event){\n\t\t\towl_goto.trigger('to.owl.carousel', 2);\n\t\t});\n\t\tjQuery('.sample_slider_goto4').click(function(event){\n\t\t\towl_goto.trigger('to.owl.carousel', 3);\n\t\t});\n\t\tjQuery('.sample_slider_goto5').click(function(event){\n\t\t\towl_goto.trigger('to.owl.carousel', 4);\n\t\t});\n\t\tjQuery('.sample_slider_goto6').click(function(event){\n\t\t\towl_goto.trigger('to.owl.carousel', 5);\n\t\t});\n\t\tjQuery('.sample_slider_goto7').click(function(event){\n\t\t\towl_goto.trigger('to.owl.carousel', 6);\n\t\t});\n\t\tjQuery('.sample_slider_goto8').click(function(event){\n\t\t\towl_goto.trigger('to.owl.carousel', 7);\n\t\t});\n\t\tjQuery('.sample_slider_goto9').click(function(event){\n\t\t\towl_goto.trigger('to.owl.carousel', 8);\n\t\t});\n\t\tjQuery('.sample_slider_goto10').click(function(event){\n\t\t\towl_goto.trigger('to.owl.carousel', 9);\n\t\t});\n\t\tjQuery('.sample_slider_goto11').click(function(event){\n\t\t\towl_goto.trigger('to.owl.carousel', 10);\n\t\t});\n\t\tjQuery('.sample_slider_goto12').click(function(event){\n\t\t\towl_goto.trigger('to.owl.carousel', 11);\n\t\t});\n\t\tjQuery('.sample_slider_goto13').click(function(event){\n\t\t\towl_goto.trigger('to.owl.carousel', 12);\n\t\t});\n\t\tjQuery('.sample_slider_goto14').click(function(event){\n\t\t\towl_goto.trigger('to.owl.carousel', 13);\n\t\t});\n\t\tvar resize_1478 = jQuery('.owl-carousel');\n\t\tresize_1478.on('initialized.owl.carousel', function(e) {\n\t\t\tif (typeof(Event) === 'function') {\n\t\t\t\twindow.dispatchEvent(new Event('resize'));\n\t\t\t} else {\n\t\t\t\tvar evt = window.document.createEvent('UIEvents');\n\t\t\t\tevt.initUIEvent('resize', true, false, window, 0);\n\t\t\t\twindow.dispatchEvent(evt);\n\t\t\t}\n\t\t});\n\t});\n<\/script>\n\n","protected":false},"excerpt":{"rendered":"<p>Claire Boutaud de la Combe apparait dans les m\u00e9dias traitant de l&#8217;actualit\u00e9 en droit p\u00e9nal g\u00e9n\u00e9ral et en droit routier. Elle participe r\u00e9guli\u00e8rement \u00e0 des \u00e9missions traitant des questions li\u00e9es &#8230;<\/p>\n","protected":false},"author":1,"featured_media":0,"parent":0,"menu_order":0,"comment_status":"closed","ping_status":"closed","template":"template-fullwidth.php","meta":{"footnotes":""},"_links":{"self":[{"href":"https:\/\/cboutaud-avocat.com\/index.php\/wp-json\/wp\/v2\/pages\/1473"}],"collection":[{"href":"https:\/\/cboutaud-avocat.com\/index.php\/wp-json\/wp\/v2\/pages"}],"about":[{"href":"https:\/\/cboutaud-avocat.com\/index.php\/wp-json\/wp\/v2\/types\/page"}],"author":[{"embeddable":true,"href":"https:\/\/cboutaud-avocat.com\/index.php\/wp-json\/wp\/v2\/users\/1"}],"replies":[{"embeddable":true,"href":"https:\/\/cboutaud-avocat.com\/index.php\/wp-json\/wp\/v2\/comments?post=1473"}],"version-history":[{"count":5,"href":"https:\/\/cboutaud-avocat.com\/index.php\/wp-json\/wp\/v2\/pages\/1473\/revisions"}],"predecessor-version":[{"id":1492,"href":"https:\/\/cboutaud-avocat.com\/index.php\/wp-json\/wp\/v2\/pages\/1473\/revisions\/1492"}],"wp:attachment":[{"href":"https:\/\/cboutaud-avocat.com\/index.php\/wp-json\/wp\/v2\/media?parent=1473"}],"curies":[{"name":"wp","href":"https:\/\/api.w.org\/{rel}","templated":true}]}}