{"id":1422,"date":"2018-10-14T18:38:42","date_gmt":"2018-10-14T16:38:42","guid":{"rendered":"http:\/\/cboutaud-avocat.com\/?page_id=1422"},"modified":"2018-10-14T18:38:42","modified_gmt":"2018-10-14T16:38:42","slug":"honoraires","status":"publish","type":"page","link":"https:\/\/cboutaud-avocat.com\/index.php\/honoraires\/","title":{"rendered":"Honoraires"},"content":{"rendered":"<p>Les modalit\u00e9s de facturation du cabinet sont \u00e9tablies d\u00e8s le d\u00e9but entre Ma\u00eetre Claire BOUTAUD de la COMBE et ses clients par la signature d\u2019une convention d\u2019honoraires.<br \/>\nLa politique tarifaire du cabinet est bas\u00e9e sur la transparence.<br \/>\nChaque fois que le dossier le permet, et dans la majorit\u00e9 des cas, une facturation au forfait est propos\u00e9e au client.  Dans ce cas l\u00e0, aucun d\u00e9passement du forfait ne peut intervenir sans l\u2019accord du client.<br \/>\nDans les autres cas, une facturation est \u00e9tablie sur la base du temps pass\u00e9 avec une estimation du budget pr\u00e9visionnel.La facture est alors accompagn\u00e9e d\u2019un relev\u00e9 d\u00e9taill\u00e9 des diligences effectu\u00e9es.<br \/>\nIl est enfin possible de pr\u00e9voir un honoraire compl\u00e9mentaire dit de &#8220;r\u00e9sultat&#8221; lequel  sera pr\u00e9cis\u00e9ment d\u00e9termin\u00e9 en amont.<\/p>\n","protected":false},"excerpt":{"rendered":"<p>Les modalit\u00e9s de facturation du cabinet sont \u00e9tablies d\u00e8s le d\u00e9but entre Ma\u00eetre Claire BOUTAUD de la COMBE et ses clients par la signature d\u2019une convention d\u2019honoraires. La politique tarifaire &#8230;<\/p>\n","protected":false},"author":1,"featured_media":0,"parent":0,"menu_order":0,"comment_status":"closed","ping_status":"closed","template":"template-fullwidth.php","meta":{"footnotes":""},"_links":{"self":[{"href":"https:\/\/cboutaud-avocat.com\/index.php\/wp-json\/wp\/v2\/pages\/1422"}],"collection":[{"href":"https:\/\/cboutaud-avocat.com\/index.php\/wp-json\/wp\/v2\/pages"}],"about":[{"href":"https:\/\/cboutaud-avocat.com\/index.php\/wp-json\/wp\/v2\/types\/page"}],"author":[{"embeddable":true,"href":"https:\/\/cboutaud-avocat.com\/index.php\/wp-json\/wp\/v2\/users\/1"}],"replies":[{"embeddable":true,"href":"https:\/\/cboutaud-avocat.com\/index.php\/wp-json\/wp\/v2\/comments?post=1422"}],"version-history":[{"count":1,"href":"https:\/\/cboutaud-avocat.com\/index.php\/wp-json\/wp\/v2\/pages\/1422\/revisions"}],"predecessor-version":[{"id":1423,"href":"https:\/\/cboutaud-avocat.com\/index.php\/wp-json\/wp\/v2\/pages\/1422\/revisions\/1423"}],"wp:attachment":[{"href":"https:\/\/cboutaud-avocat.com\/index.php\/wp-json\/wp\/v2\/media?parent=1422"}],"curies":[{"name":"wp","href":"https:\/\/api.w.org\/{rel}","templated":true}]}}